{"id":872,"date":"2025-07-14T19:39:35","date_gmt":"2025-07-14T19:39:35","guid":{"rendered":"https:\/\/www.comunicarigualdad.com.ar\/agenciaceci\/?page_id=872"},"modified":"2025-08-11T18:24:39","modified_gmt":"2025-08-11T18:24:39","slug":"equipo","status":"publish","type":"page","link":"https:\/\/www.comunicarigualdad.com.ar\/agenciaceci\/equipo\/","title":{"rendered":"Equipo"},"content":{"rendered":"\t\t<div data-elementor-type=\"wp-page\" data-elementor-id=\"872\" class=\"elementor elementor-872\">\n\t\t\t\t<div class=\"elementor-element elementor-element-1250f6ab e-con-full e-flex e-con e-parent\" data-id=\"1250f6ab\" data-element_type=\"container\" data-e-type=\"container\" data-settings=\"{&quot;background_background&quot;:&quot;classic&quot;}\">\n\t\t<div class=\"elementor-element elementor-element-6454bff0 e-grid e-con-full e-con e-child\" data-id=\"6454bff0\" data-element_type=\"container\" data-e-type=\"container\" data-settings=\"{&quot;background_background&quot;:&quot;classic&quot;}\">\n\t\t\t\t<div class=\"elementor-element elementor-element-4d13a2bf elementor-widget elementor-widget-spacer\" data-id=\"4d13a2bf\" data-element_type=\"widget\" data-e-type=\"widget\" data-widget_type=\"spacer.default\">\n\t\t\t\t\t\t\t<div class=\"elementor-spacer\">\n\t\t\t<div class=\"elementor-spacer-inner\"><\/div>\n\t\t<\/div>\n\t\t\t\t\t\t<\/div>\n\t\t\t\t<div class=\"elementor-element elementor-element-7c06d656 elementor-widget elementor-widget-image\" data-id=\"7c06d656\" data-element_type=\"widget\" data-e-type=\"widget\" data-widget_type=\"image.default\">\n\t\t\t\t\t\t\t\t\t\t\t\t\t\t\t\t<a href=\"https:\/\/www.comunicarigualdad.com.ar\/empresas\/home\">\n\t\t\t\t\t\t\t<img decoding=\"async\" src=\"https:\/\/www.comunicarigualdad.com.ar\/agenciaceci\/wp-content\/uploads\/elementor\/thumbs\/logo-blanco-r9jw4jg0wkcru62o35e1an2uh9uayas9og9bu610o0.png\" title=\"logo blanco\" alt=\"logo blanco\" loading=\"lazy\" \/>\t\t\t\t\t\t\t\t<\/a>\n\t\t\t\t\t\t\t\t\t\t\t\t\t\t\t<\/div>\n\t\t\t\t<div class=\"elementor-element elementor-element-c09c83b elementor-align-center elementor-hidden-mobile elementor-widget elementor-widget-button\" data-id=\"c09c83b\" data-element_type=\"widget\" data-e-type=\"widget\" data-widget_type=\"button.default\">\n\t\t\t\t\t\t\t\t\t\t<a class=\"elementor-button elementor-button-link elementor-size-sm\" href=\"https:\/\/www.comunicarigualdad.com.ar\/agenciaceci\/home#cta\">\n\t\t\t\t\t\t<span class=\"elementor-button-content-wrapper\">\n\t\t\t\t\t\t\t\t\t<span class=\"elementor-button-text\">CONTACTANOS<\/span>\n\t\t\t\t\t<\/span>\n\t\t\t\t\t<\/a>\n\t\t\t\t\t\t\t\t<\/div>\n\t\t\t\t<\/div>\n\t\t\t\t<\/div>\n\t\t<div class=\"elementor-element elementor-element-74c5b242 e-flex e-con-boxed e-con e-parent\" data-id=\"74c5b242\" data-element_type=\"container\" data-e-type=\"container\" data-settings=\"{&quot;background_background&quot;:&quot;classic&quot;}\">\n\t\t\t\t\t<div class=\"e-con-inner\">\n\t\t\t\t<div class=\"elementor-element elementor-element-3467692c elementor-widget elementor-widget-heading\" data-id=\"3467692c\" data-element_type=\"widget\" data-e-type=\"widget\" data-widget_type=\"heading.default\">\n\t\t\t\t\t<h2 class=\"elementor-heading-title elementor-size-default\"><a href=\"https:\/\/www.comunicarigualdad.com.ar\/agenciaceci\/home\">HOME<\/a><\/h2>\t\t\t\t<\/div>\n\t\t\t\t<div class=\"elementor-element elementor-element-4fd53844 elementor-widget elementor-widget-heading\" data-id=\"4fd53844\" data-element_type=\"widget\" data-e-type=\"widget\" data-widget_type=\"heading.default\">\n\t\t\t\t\t<h2 class=\"elementor-heading-title elementor-size-default\"><a href=\"https:\/\/www.comunicarigualdad.com.ar\/agenciaceci\/estrategia\/\">ESTRATEGIA,INVESTIGACI\u00d3N Y CONSULTOR\u00cdA<\/a><\/h2>\t\t\t\t<\/div>\n\t\t\t\t<div class=\"elementor-element elementor-element-2e88bebb elementor-widget elementor-widget-heading\" data-id=\"2e88bebb\" data-element_type=\"widget\" data-e-type=\"widget\" data-widget_type=\"heading.default\">\n\t\t\t\t\t<h2 class=\"elementor-heading-title elementor-size-default\"><a href=\"https:\/\/www.comunicarigualdad.com.ar\/agenciaceci\/creatividad\/\">CREATIVIDAD,DISE\u00d1O Y PRODUCCI\u00d3N<\/a><\/h2>\t\t\t\t<\/div>\n\t\t\t\t<div class=\"elementor-element elementor-element-6fcafeba elementor-widget elementor-widget-heading\" data-id=\"6fcafeba\" data-element_type=\"widget\" data-e-type=\"widget\" data-widget_type=\"heading.default\">\n\t\t\t\t\t<h2 class=\"elementor-heading-title elementor-size-default\"><a href=\"https:\/\/www.comunicarigualdad.com.ar\/agenciaceci\/transformacion\/\">TRANSFORMACI\u00d3N INTERNA<\/a><\/h2>\t\t\t\t<\/div>\n\t\t\t\t<div class=\"elementor-element elementor-element-6bd9b8a elementor-widget elementor-widget-heading\" data-id=\"6bd9b8a\" data-element_type=\"widget\" data-e-type=\"widget\" data-widget_type=\"heading.default\">\n\t\t\t\t\t<h2 class=\"elementor-heading-title elementor-size-default\"><a href=\"https:\/\/www.comunicarigualdad.com.ar\/agenciaceci\/proyectos\">PROYECTOS<\/a><\/h2>\t\t\t\t<\/div>\n\t\t\t\t<div class=\"elementor-element elementor-element-7c0f5aab elementor-widget elementor-widget-heading\" data-id=\"7c0f5aab\" data-element_type=\"widget\" data-e-type=\"widget\" data-widget_type=\"heading.default\">\n\t\t\t\t\t<h2 class=\"elementor-heading-title elementor-size-default\">EQUIPO<\/h2>\t\t\t\t<\/div>\n\t\t\t\t<div class=\"elementor-element elementor-element-68a381b elementor-align-center elementor-hidden-desktop elementor-hidden-tablet elementor-widget elementor-widget-button\" data-id=\"68a381b\" data-element_type=\"widget\" data-e-type=\"widget\" data-widget_type=\"button.default\">\n\t\t\t\t\t\t\t\t\t\t<a class=\"elementor-button elementor-button-link elementor-size-sm\" href=\"https:\/\/www.comunicarigualdad.com.ar\/agenciaceci\/home#cta\">\n\t\t\t\t\t\t<span class=\"elementor-button-content-wrapper\">\n\t\t\t\t\t\t\t\t\t<span class=\"elementor-button-text\">CONTACTANOS<\/span>\n\t\t\t\t\t<\/span>\n\t\t\t\t\t<\/a>\n\t\t\t\t\t\t\t\t<\/div>\n\t\t\t\t\t<\/div>\n\t\t\t\t<\/div>\n\t\t<div class=\"elementor-element elementor-element-a1d00d3 e-flex e-con-boxed e-con e-parent\" data-id=\"a1d00d3\" data-element_type=\"container\" data-e-type=\"container\" data-settings=\"{&quot;background_background&quot;:&quot;classic&quot;}\">\n\t\t\t\t\t<div class=\"e-con-inner\">\n\t\t\t\t<div class=\"elementor-element elementor-element-6405118 elementor-widget elementor-widget-heading\" data-id=\"6405118\" data-element_type=\"widget\" data-e-type=\"widget\" data-widget_type=\"heading.default\">\n\t\t\t\t\t<h2 class=\"elementor-heading-title elementor-size-default\">EQUIPO<\/h2>\t\t\t\t<\/div>\n\t\t\t\t\t<\/div>\n\t\t\t\t<\/div>\n\t\t<div class=\"elementor-element elementor-element-00458e5 e-flex e-con-boxed e-con e-parent\" data-id=\"00458e5\" data-element_type=\"container\" data-e-type=\"container\" data-settings=\"{&quot;background_background&quot;:&quot;classic&quot;}\">\n\t\t\t\t\t<div class=\"e-con-inner\">\n\t\t\t\t<div class=\"elementor-element elementor-element-5e48b53 elementor-widget__width-initial elementor-widget elementor-widget-image\" data-id=\"5e48b53\" data-element_type=\"widget\" data-e-type=\"widget\" data-widget_type=\"image.default\">\n\t\t\t\t\t\t\t\t\t\t\t\t\t\t\t<img fetchpriority=\"high\" decoding=\"async\" width=\"296\" height=\"296\" src=\"https:\/\/www.comunicarigualdad.com.ar\/agenciaceci\/wp-content\/uploads\/2025\/07\/Sandra.png\" class=\"attachment-1536x1536 size-1536x1536 wp-image-926\" alt=\"\" srcset=\"https:\/\/www.comunicarigualdad.com.ar\/agenciaceci\/wp-content\/uploads\/2025\/07\/Sandra.png 296w, https:\/\/www.comunicarigualdad.com.ar\/agenciaceci\/wp-content\/uploads\/2025\/07\/Sandra-150x150.png 150w\" sizes=\"(max-width: 296px) 100vw, 296px\" \/>\t\t\t\t\t\t\t\t\t\t\t\t\t\t\t<\/div>\n\t\t<div class=\"elementor-element elementor-element-8a032d1 e-con-full e-flex e-con e-child\" data-id=\"8a032d1\" data-element_type=\"container\" data-e-type=\"container\">\n\t\t\t\t<div class=\"elementor-element elementor-element-b964a70 elementor-widget elementor-widget-heading\" data-id=\"b964a70\" data-element_type=\"widget\" data-e-type=\"widget\" data-widget_type=\"heading.default\">\n\t\t\t\t\t<h2 class=\"elementor-heading-title elementor-size-default\">SANDRA CHAHER<\/h2>\t\t\t\t<\/div>\n\t\t\t\t<div class=\"elementor-element elementor-element-1431542 elementor-widget elementor-widget-heading\" data-id=\"1431542\" data-element_type=\"widget\" data-e-type=\"widget\" data-widget_type=\"heading.default\">\n\t\t\t\t\t<h2 class=\"elementor-heading-title elementor-size-default\">DIRECTORA GENERAL<\/h2>\t\t\t\t<\/div>\n\t\t\t\t<div class=\"elementor-element elementor-element-e690b4a elementor-widget elementor-widget-text-editor\" data-id=\"e690b4a\" data-element_type=\"widget\" data-e-type=\"widget\" data-widget_type=\"text-editor.default\">\n\t\t\t\t\t\t\t\t\t<p>Su enfoque combina pensamiento estrat\u00e9gico con una s\u00f3lida capacidad para el liderazgo y monitoreo de proyectos. Cuenta con m\u00e1s de 20 a\u00f1os de experiencia organizando equipos, dise\u00f1ando estrategias de comunicaci\u00f3n y asesorando a organizaciones nacionales e internacionales. Dirige proyectos editoriales, campa\u00f1as y plataformas digitales de alto impacto y realiza consultor\u00edas para organismos como UNESCO, ONU Mujeres, PNUD y OEA. Ha publicado numerosos libros sobre comunicaci\u00f3n, medios y narrativas, y trabaj\u00f3 como redactora y columnista en medios masivos. Dirige adem\u00e1s el Diplomado en Comunicaci\u00f3n Estrat\u00e9gica Feminista, formaci\u00f3n que cuenta con certificaci\u00f3n internacional. Es Licenciada en Ciencias de la Comunicaci\u00f3n (UBA), con posgrados en comunicaci\u00f3n pol\u00edtica, g\u00e9nero y derecho. Preside la Asociaci\u00f3n Civil Comunicaci\u00f3n para la Igualdad.<\/p>\t\t\t\t\t\t\t\t<\/div>\n\t\t\t\t<\/div>\n\t\t\t\t\t<\/div>\n\t\t\t\t<\/div>\n\t\t<div class=\"elementor-element elementor-element-8289875 e-flex e-con-boxed e-con e-parent\" data-id=\"8289875\" data-element_type=\"container\" data-e-type=\"container\" data-settings=\"{&quot;background_background&quot;:&quot;classic&quot;}\">\n\t\t\t\t\t<div class=\"e-con-inner\">\n\t\t<div class=\"elementor-element elementor-element-d83ff0e e-con-full e-flex e-con e-child\" data-id=\"d83ff0e\" data-element_type=\"container\" data-e-type=\"container\">\n\t\t\t\t<div class=\"elementor-element elementor-element-2ed401b elementor-widget elementor-widget-heading\" data-id=\"2ed401b\" data-element_type=\"widget\" data-e-type=\"widget\" data-widget_type=\"heading.default\">\n\t\t\t\t\t<h2 class=\"elementor-heading-title elementor-size-default\">LUDMILA FERN\u00c1NDEZ L\u00d3PEZ<\/h2>\t\t\t\t<\/div>\n\t\t\t\t<div class=\"elementor-element elementor-element-e758282 elementor-widget elementor-widget-heading\" data-id=\"e758282\" data-element_type=\"widget\" data-e-type=\"widget\" data-widget_type=\"heading.default\">\n\t\t\t\t\t<h2 class=\"elementor-heading-title elementor-size-default\">ESTRATEGIA Y CAMPA\u00d1AS<\/h2>\t\t\t\t<\/div>\n\t\t\t\t<div class=\"elementor-element elementor-element-46a00f1 elementor-widget elementor-widget-text-editor\" data-id=\"46a00f1\" data-element_type=\"widget\" data-e-type=\"widget\" data-widget_type=\"text-editor.default\">\n\t\t\t\t\t\t\t\t\t<p>Su perfil integra investigaci\u00f3n, creatividad y habilidad para traducir ideas complejas en contenidos din\u00e1micos y efectivos para redes sociales y entornos digitales. Experta en formatos como radio, podcast y audiovisual, trabaja en el desarrollo de estrategias digitales y creaci\u00f3n de contenidos con foco en posicionamiento, creatividad y alcance. Es comunicadora social, m\u00e1ster en Estudios de G\u00e9nero (Universidad de C\u00e1diz) y doctoranda en Ciencias Sociales (CONICET\u2013UNQ), donde investiga narrativas e imaginarios en el deporte. Es coordinadora y tutora del Diplomado en Comunicaci\u00f3n Estrat\u00e9gica Feminista.<\/p>\t\t\t\t\t\t\t\t<\/div>\n\t\t\t\t<\/div>\n\t\t\t\t<div class=\"elementor-element elementor-element-2ea0b45 elementor-widget__width-initial elementor-widget elementor-widget-image\" data-id=\"2ea0b45\" data-element_type=\"widget\" data-e-type=\"widget\" data-widget_type=\"image.default\">\n\t\t\t\t\t\t\t\t\t\t\t\t\t\t\t<img decoding=\"async\" width=\"296\" height=\"296\" src=\"https:\/\/www.comunicarigualdad.com.ar\/agenciaceci\/wp-content\/uploads\/2025\/07\/Ludmila.png\" class=\"attachment-1536x1536 size-1536x1536 wp-image-927\" alt=\"\" srcset=\"https:\/\/www.comunicarigualdad.com.ar\/agenciaceci\/wp-content\/uploads\/2025\/07\/Ludmila.png 296w, https:\/\/www.comunicarigualdad.com.ar\/agenciaceci\/wp-content\/uploads\/2025\/07\/Ludmila-150x150.png 150w\" sizes=\"(max-width: 296px) 100vw, 296px\" \/>\t\t\t\t\t\t\t\t\t\t\t\t\t\t\t<\/div>\n\t\t\t\t\t<\/div>\n\t\t\t\t<\/div>\n\t\t<div class=\"elementor-element elementor-element-5219d10 e-flex e-con-boxed e-con e-parent\" data-id=\"5219d10\" data-element_type=\"container\" data-e-type=\"container\" data-settings=\"{&quot;background_background&quot;:&quot;classic&quot;}\">\n\t\t\t\t\t<div class=\"e-con-inner\">\n\t\t\t\t<div class=\"elementor-element elementor-element-ab92f0d elementor-widget__width-initial elementor-widget elementor-widget-image\" data-id=\"ab92f0d\" data-element_type=\"widget\" data-e-type=\"widget\" data-widget_type=\"image.default\">\n\t\t\t\t\t\t\t\t\t\t\t\t\t\t\t<img decoding=\"async\" width=\"296\" height=\"296\" src=\"https:\/\/www.comunicarigualdad.com.ar\/agenciaceci\/wp-content\/uploads\/2025\/07\/Eugenio.png\" class=\"attachment-1536x1536 size-1536x1536 wp-image-928\" alt=\"\" srcset=\"https:\/\/www.comunicarigualdad.com.ar\/agenciaceci\/wp-content\/uploads\/2025\/07\/Eugenio.png 296w, https:\/\/www.comunicarigualdad.com.ar\/agenciaceci\/wp-content\/uploads\/2025\/07\/Eugenio-150x150.png 150w\" sizes=\"(max-width: 296px) 100vw, 296px\" \/>\t\t\t\t\t\t\t\t\t\t\t\t\t\t\t<\/div>\n\t\t<div class=\"elementor-element elementor-element-1d717bc e-con-full e-flex e-con e-child\" data-id=\"1d717bc\" data-element_type=\"container\" data-e-type=\"container\">\n\t\t\t\t<div class=\"elementor-element elementor-element-980be05 elementor-widget elementor-widget-heading\" data-id=\"980be05\" data-element_type=\"widget\" data-e-type=\"widget\" data-widget_type=\"heading.default\">\n\t\t\t\t\t<h2 class=\"elementor-heading-title elementor-size-default\">EUGENIO PERREGRINI<\/h2>\t\t\t\t<\/div>\n\t\t\t\t<div class=\"elementor-element elementor-element-8ed2301 elementor-widget elementor-widget-heading\" data-id=\"8ed2301\" data-element_type=\"widget\" data-e-type=\"widget\" data-widget_type=\"heading.default\">\n\t\t\t\t\t<h2 class=\"elementor-heading-title elementor-size-default\">Realizaci\u00f3n audiovisual\ny desarrollo gr\u00e1fico<\/h2>\t\t\t\t<\/div>\n\t\t\t\t<div class=\"elementor-element elementor-element-bcad855 elementor-widget elementor-widget-text-editor\" data-id=\"bcad855\" data-element_type=\"widget\" data-e-type=\"widget\" data-widget_type=\"text-editor.default\">\n\t\t\t\t\t\t\t\t\t<p>Su experiencia destaca en conjugar pensamiento estrat\u00e9gico con sensibilidad est\u00e9tica para crear piezas gr\u00e1ficas, audiovisuales y digitales alineadas a los objetivos de cada proyecto. Especialista en narrativas interactivas y dise\u00f1o digital centrado en experiencia de usuarios. Trabaja en dise\u00f1o editorial, desarrollo web (UX\/UI)y producci\u00f3n audiovisual, aportando soluciones visuales integrales con enfoque colaborativo e innovador. Cuenta con m\u00e1s de 10 a\u00f1os de trayectoria en proyectos visuales y multimedia, y ha coordinado campa\u00f1as, producido contenidos para redes y liderado equipos creativos tanto en el sector p\u00fablico como en organizaciones sociales y culturales. Dise\u00f1ador gr\u00e1fico y Licenciado en Comunicaci\u00f3n Social (UNQ).<\/p>\t\t\t\t\t\t\t\t<\/div>\n\t\t\t\t<\/div>\n\t\t\t\t\t<\/div>\n\t\t\t\t<\/div>\n\t\t<div class=\"elementor-element elementor-element-cf46524 e-flex e-con-boxed e-con e-parent\" data-id=\"cf46524\" data-element_type=\"container\" data-e-type=\"container\" data-settings=\"{&quot;background_background&quot;:&quot;classic&quot;}\">\n\t\t\t\t\t<div class=\"e-con-inner\">\n\t\t<div class=\"elementor-element elementor-element-3dca6f2 e-con-full e-flex e-con e-child\" data-id=\"3dca6f2\" data-element_type=\"container\" data-e-type=\"container\">\n\t\t\t\t<div class=\"elementor-element elementor-element-6244192 elementor-widget elementor-widget-heading\" data-id=\"6244192\" data-element_type=\"widget\" data-e-type=\"widget\" data-widget_type=\"heading.default\">\n\t\t\t\t\t<h2 class=\"elementor-heading-title elementor-size-default\">MARIANA FERN\u00c1NDEZ CAMACHO<\/h2>\t\t\t\t<\/div>\n\t\t\t\t<div class=\"elementor-element elementor-element-eb61036 elementor-widget elementor-widget-heading\" data-id=\"eb61036\" data-element_type=\"widget\" data-e-type=\"widget\" data-widget_type=\"heading.default\">\n\t\t\t\t\t<h2 class=\"elementor-heading-title elementor-size-default\">Prensa e Incidencia<\/h2>\t\t\t\t<\/div>\n\t\t\t\t<div class=\"elementor-element elementor-element-17f5013 elementor-widget elementor-widget-text-editor\" data-id=\"17f5013\" data-element_type=\"widget\" data-e-type=\"widget\" data-widget_type=\"text-editor.default\">\n\t\t\t\t\t\t\t\t\t<p>Apasionada por llevar temas importantes a la conversaci\u00f3n p\u00fablica, desarrolla campa\u00f1as de prensa que marcan agenda, trabajando codo a codo con medios clave. Su recorrido en radio y prensa digital le vali\u00f3 premios y reconocimientos. Tiene amplia experiencia liderando equipos en campa\u00f1as de comunicaci\u00f3n con impacto social. Es periodista y comunicadora con s\u00f3lida trayectoria en medios gr\u00e1ficos, radiales y digitales, tales como P\u00e1gina\/12, Infobae, Cosecha Roja, Le Monde Diplomatique, La Diaria (Uruguay) y El Salto (Espa\u00f1a), entre otros. Es Licenciada en Ciencias de la Comunicaci\u00f3n (UBA) y maestranda en Educaci\u00f3n, Lenguajes y Medios (UNSAM).\u00a0<\/p>\t\t\t\t\t\t\t\t<\/div>\n\t\t\t\t<\/div>\n\t\t\t\t<div class=\"elementor-element elementor-element-26561fb elementor-widget__width-initial elementor-widget elementor-widget-image\" data-id=\"26561fb\" data-element_type=\"widget\" data-e-type=\"widget\" data-widget_type=\"image.default\">\n\t\t\t\t\t\t\t\t\t\t\t\t\t\t\t<img loading=\"lazy\" decoding=\"async\" width=\"296\" height=\"296\" src=\"https:\/\/www.comunicarigualdad.com.ar\/agenciaceci\/wp-content\/uploads\/2025\/07\/Mariana.png\" class=\"attachment-1536x1536 size-1536x1536 wp-image-935\" alt=\"\" srcset=\"https:\/\/www.comunicarigualdad.com.ar\/agenciaceci\/wp-content\/uploads\/2025\/07\/Mariana.png 296w, https:\/\/www.comunicarigualdad.com.ar\/agenciaceci\/wp-content\/uploads\/2025\/07\/Mariana-150x150.png 150w\" sizes=\"(max-width: 296px) 100vw, 296px\" \/>\t\t\t\t\t\t\t\t\t\t\t\t\t\t\t<\/div>\n\t\t\t\t\t<\/div>\n\t\t\t\t<\/div>\n\t\t<div class=\"elementor-element elementor-element-8150bbe e-flex e-con-boxed e-con e-parent\" data-id=\"8150bbe\" data-element_type=\"container\" data-e-type=\"container\" data-settings=\"{&quot;background_background&quot;:&quot;classic&quot;}\">\n\t\t\t\t\t<div class=\"e-con-inner\">\n\t\t\t\t<div class=\"elementor-element elementor-element-44ac8b5 elementor-widget__width-initial elementor-widget elementor-widget-image\" data-id=\"44ac8b5\" data-element_type=\"widget\" data-e-type=\"widget\" data-widget_type=\"image.default\">\n\t\t\t\t\t\t\t\t\t\t\t\t\t\t\t<img loading=\"lazy\" decoding=\"async\" width=\"296\" height=\"296\" src=\"https:\/\/www.comunicarigualdad.com.ar\/agenciaceci\/wp-content\/uploads\/2025\/07\/Belen.png\" class=\"attachment-1536x1536 size-1536x1536 wp-image-936\" alt=\"\" srcset=\"https:\/\/www.comunicarigualdad.com.ar\/agenciaceci\/wp-content\/uploads\/2025\/07\/Belen.png 296w, https:\/\/www.comunicarigualdad.com.ar\/agenciaceci\/wp-content\/uploads\/2025\/07\/Belen-150x150.png 150w\" sizes=\"(max-width: 296px) 100vw, 296px\" \/>\t\t\t\t\t\t\t\t\t\t\t\t\t\t\t<\/div>\n\t\t<div class=\"elementor-element elementor-element-c9c33a1 e-con-full e-flex e-con e-child\" data-id=\"c9c33a1\" data-element_type=\"container\" data-e-type=\"container\">\n\t\t\t\t<div class=\"elementor-element elementor-element-776d87f elementor-widget elementor-widget-heading\" data-id=\"776d87f\" data-element_type=\"widget\" data-e-type=\"widget\" data-widget_type=\"heading.default\">\n\t\t\t\t\t<h2 class=\"elementor-heading-title elementor-size-default\">BEL\u00c9N SPINETTA<\/h2>\t\t\t\t<\/div>\n\t\t\t\t<div class=\"elementor-element elementor-element-75aca39 elementor-widget elementor-widget-heading\" data-id=\"75aca39\" data-element_type=\"widget\" data-e-type=\"widget\" data-widget_type=\"heading.default\">\n\t\t\t\t\t<h2 class=\"elementor-heading-title elementor-size-default\">INVESTIGACI\u00d3N<\/h2>\t\t\t\t<\/div>\n\t\t\t\t<div class=\"elementor-element elementor-element-cca2879 elementor-widget elementor-widget-text-editor\" data-id=\"cca2879\" data-element_type=\"widget\" data-e-type=\"widget\" data-widget_type=\"text-editor.default\">\n\t\t\t\t\t\t\t\t\t<p>Se destaca por su solidez en investigaci\u00f3n period\u00edstica y acad\u00e9mica, su escritura precisa y su capacidad para traducir contextos complejos en mensajes claros. Es periodista y licenciada en Comunicaci\u00f3n Social (UNCo), con trayectoria en medios gr\u00e1ficos y radiales. Tiene experiencia en redacci\u00f3n, edici\u00f3n de contenidos y coordinaci\u00f3n de proyectos editoriales. Se desempe\u00f1a como formadora en cursos y seminarios sobre comunicaci\u00f3n y periodismo, y co-edita la revista alternativa de pensamiento pol\u00edtico Lanzallamas. Integra el equipo de Comunicaci\u00f3n para la Igualdad, donde colabora en el desarrollo de narrativas y contenidos institucionales. Actualmente vive en Bariloche, su ciudad natal, desde donde trabaja con perspectiva federal y compromiso colaborativo.<\/p>\t\t\t\t\t\t\t\t<\/div>\n\t\t\t\t<\/div>\n\t\t\t\t\t<\/div>\n\t\t\t\t<\/div>\n\t\t\t\t<\/div>\n\t\t","protected":false},"excerpt":{"rendered":"<p>CONTACTANOS HOME ESTRATEGIA,INVESTIGACI\u00d3N Y CONSULTOR\u00cdA CREATIVIDAD,DISE\u00d1O Y PRODUCCI\u00d3N TRANSFORMACI\u00d3N INTERNA PROYECTOS EQUIPO CONTACTANOS EQUIPO SANDRA CHAHER DIRECTORA GENERAL Su enfoque combina pensamiento estrat\u00e9gico con una s\u00f3lida capacidad para el liderazgo y monitoreo de proyectos. Cuenta con m\u00e1s de 20 a\u00f1os de experiencia organizando equipos, dise\u00f1ando estrategias de comunicaci\u00f3n y asesorando a organizaciones nacionales e internacionales. [&hellip;]<\/p>\n","protected":false},"author":3,"featured_media":0,"parent":0,"menu_order":0,"comment_status":"closed","ping_status":"closed","template":"","meta":{"_acf_changed":false,"footnotes":""},"class_list":["post-872","page","type-page","status-publish","hentry"],"acf":[],"_links":{"self":[{"href":"https:\/\/www.comunicarigualdad.com.ar\/agenciaceci\/wp-json\/wp\/v2\/pages\/872","targetHints":{"allow":["GET"]}}],"collection":[{"href":"https:\/\/www.comunicarigualdad.com.ar\/agenciaceci\/wp-json\/wp\/v2\/pages"}],"about":[{"href":"https:\/\/www.comunicarigualdad.com.ar\/agenciaceci\/wp-json\/wp\/v2\/types\/page"}],"author":[{"embeddable":true,"href":"https:\/\/www.comunicarigualdad.com.ar\/agenciaceci\/wp-json\/wp\/v2\/users\/3"}],"replies":[{"embeddable":true,"href":"https:\/\/www.comunicarigualdad.com.ar\/agenciaceci\/wp-json\/wp\/v2\/comments?post=872"}],"version-history":[{"count":71,"href":"https:\/\/www.comunicarigualdad.com.ar\/agenciaceci\/wp-json\/wp\/v2\/pages\/872\/revisions"}],"predecessor-version":[{"id":2344,"href":"https:\/\/www.comunicarigualdad.com.ar\/agenciaceci\/wp-json\/wp\/v2\/pages\/872\/revisions\/2344"}],"wp:attachment":[{"href":"https:\/\/www.comunicarigualdad.com.ar\/agenciaceci\/wp-json\/wp\/v2\/media?parent=872"}],"curies":[{"name":"wp","href":"https:\/\/api.w.org\/{rel}","templated":true}]}}