{"id":860,"date":"2025-07-14T19:33:48","date_gmt":"2025-07-14T19:33:48","guid":{"rendered":"https:\/\/www.comunicarigualdad.com.ar\/agenciaceci\/?page_id=860"},"modified":"2025-08-12T20:13:51","modified_gmt":"2025-08-12T20:13:51","slug":"estrategia","status":"publish","type":"page","link":"https:\/\/www.comunicarigualdad.com.ar\/agenciaceci\/estrategia\/","title":{"rendered":"Estrategia"},"content":{"rendered":"\t\t<div data-elementor-type=\"wp-page\" data-elementor-id=\"860\" class=\"elementor elementor-860\">\n\t\t\t\t<div class=\"elementor-element elementor-element-781fe52 e-con-full e-flex e-con e-parent\" data-id=\"781fe52\" data-element_type=\"container\" data-e-type=\"container\" data-settings=\"{&quot;background_background&quot;:&quot;classic&quot;}\">\n\t\t<div class=\"elementor-element elementor-element-742ea34 e-grid e-con-full e-con e-child\" data-id=\"742ea34\" data-element_type=\"container\" data-e-type=\"container\" data-settings=\"{&quot;background_background&quot;:&quot;classic&quot;}\">\n\t\t\t\t<div class=\"elementor-element elementor-element-0ab021a elementor-widget elementor-widget-spacer\" data-id=\"0ab021a\" data-element_type=\"widget\" data-e-type=\"widget\" data-widget_type=\"spacer.default\">\n\t\t\t\t\t\t\t<div class=\"elementor-spacer\">\n\t\t\t<div class=\"elementor-spacer-inner\"><\/div>\n\t\t<\/div>\n\t\t\t\t\t\t<\/div>\n\t\t\t\t<div class=\"elementor-element elementor-element-f3a2d11 elementor-widget elementor-widget-image\" data-id=\"f3a2d11\" data-element_type=\"widget\" data-e-type=\"widget\" data-widget_type=\"image.default\">\n\t\t\t\t\t\t\t\t\t\t\t\t\t\t\t\t<a href=\"https:\/\/www.comunicarigualdad.com.ar\/empresas\/home\">\n\t\t\t\t\t\t\t<img decoding=\"async\" src=\"https:\/\/www.comunicarigualdad.com.ar\/agenciaceci\/wp-content\/uploads\/elementor\/thumbs\/logo-blanco-r9jw4jg0wkcru62o35e1an2uh9uayas9og9bu610o0.png\" title=\"logo blanco\" alt=\"logo blanco\" loading=\"lazy\" \/>\t\t\t\t\t\t\t\t<\/a>\n\t\t\t\t\t\t\t\t\t\t\t\t\t\t\t<\/div>\n\t\t\t\t<div class=\"elementor-element elementor-element-42094f7 elementor-align-center elementor-hidden-mobile elementor-widget elementor-widget-button\" data-id=\"42094f7\" data-element_type=\"widget\" data-e-type=\"widget\" data-widget_type=\"button.default\">\n\t\t\t\t\t\t\t\t\t\t<a class=\"elementor-button elementor-button-link elementor-size-sm\" href=\"https:\/\/www.comunicarigualdad.com.ar\/agenciaceci\/home#cta\">\n\t\t\t\t\t\t<span class=\"elementor-button-content-wrapper\">\n\t\t\t\t\t\t\t\t\t<span class=\"elementor-button-text\">CONTACTANOS<\/span>\n\t\t\t\t\t<\/span>\n\t\t\t\t\t<\/a>\n\t\t\t\t\t\t\t\t<\/div>\n\t\t\t\t<\/div>\n\t\t\t\t<\/div>\n\t\t<div class=\"elementor-element elementor-element-6b1bd014 e-flex e-con-boxed e-con e-parent\" data-id=\"6b1bd014\" data-element_type=\"container\" data-e-type=\"container\" data-settings=\"{&quot;background_background&quot;:&quot;classic&quot;}\">\n\t\t\t\t\t<div class=\"e-con-inner\">\n\t\t\t\t<div class=\"elementor-element elementor-element-11678781 elementor-widget elementor-widget-heading\" data-id=\"11678781\" data-element_type=\"widget\" data-e-type=\"widget\" data-widget_type=\"heading.default\">\n\t\t\t\t\t<h2 class=\"elementor-heading-title elementor-size-default\"><a href=\"https:\/\/www.comunicarigualdad.com.ar\/agenciaceci\/home\">HOME<\/a><\/h2>\t\t\t\t<\/div>\n\t\t\t\t<div class=\"elementor-element elementor-element-1121e1f3 elementor-widget elementor-widget-heading\" data-id=\"1121e1f3\" data-element_type=\"widget\" data-e-type=\"widget\" data-widget_type=\"heading.default\">\n\t\t\t\t\t<h2 class=\"elementor-heading-title elementor-size-default\">ESTRATEGIA,INVESTIGACI\u00d3N Y CONSULTOR\u00cdA<\/h2>\t\t\t\t<\/div>\n\t\t\t\t<div class=\"elementor-element elementor-element-705c829d elementor-widget elementor-widget-heading\" data-id=\"705c829d\" data-element_type=\"widget\" data-e-type=\"widget\" data-widget_type=\"heading.default\">\n\t\t\t\t\t<h2 class=\"elementor-heading-title elementor-size-default\"><a href=\"https:\/\/www.comunicarigualdad.com.ar\/agenciaceci\/creatividad\/\">CREATIVIDAD,DISE\u00d1O Y PRODUCCI\u00d3N<\/a><\/h2>\t\t\t\t<\/div>\n\t\t\t\t<div class=\"elementor-element elementor-element-5d714c67 elementor-widget elementor-widget-heading\" data-id=\"5d714c67\" data-element_type=\"widget\" data-e-type=\"widget\" data-widget_type=\"heading.default\">\n\t\t\t\t\t<h2 class=\"elementor-heading-title elementor-size-default\"><a href=\"https:\/\/www.comunicarigualdad.com.ar\/agenciaceci\/transformacion\/\">TRANSFORMACI\u00d3N INTERNA<\/a><\/h2>\t\t\t\t<\/div>\n\t\t\t\t<div class=\"elementor-element elementor-element-185ee983 elementor-widget elementor-widget-heading\" data-id=\"185ee983\" data-element_type=\"widget\" data-e-type=\"widget\" data-widget_type=\"heading.default\">\n\t\t\t\t\t<h2 class=\"elementor-heading-title elementor-size-default\"><a href=\"https:\/\/www.comunicarigualdad.com.ar\/agenciaceci\/proyectos\">PROYECTOS<\/a><\/h2>\t\t\t\t<\/div>\n\t\t\t\t<div class=\"elementor-element elementor-element-7804350c elementor-widget elementor-widget-heading\" data-id=\"7804350c\" data-element_type=\"widget\" data-e-type=\"widget\" data-widget_type=\"heading.default\">\n\t\t\t\t\t<h2 class=\"elementor-heading-title elementor-size-default\"><a href=\"https:\/\/www.comunicarigualdad.com.ar\/agenciaceci\/equipo\/\">EQUIPO<\/a><\/h2>\t\t\t\t<\/div>\n\t\t\t\t<div class=\"elementor-element elementor-element-b86048e elementor-align-center elementor-hidden-desktop elementor-hidden-tablet elementor-widget elementor-widget-button\" data-id=\"b86048e\" data-element_type=\"widget\" data-e-type=\"widget\" data-widget_type=\"button.default\">\n\t\t\t\t\t\t\t\t\t\t<a class=\"elementor-button elementor-button-link elementor-size-sm\" href=\"https:\/\/www.comunicarigualdad.com.ar\/agenciaceci\/home#cta\">\n\t\t\t\t\t\t<span class=\"elementor-button-content-wrapper\">\n\t\t\t\t\t\t\t\t\t<span class=\"elementor-button-text\">CONTACTANOS<\/span>\n\t\t\t\t\t<\/span>\n\t\t\t\t\t<\/a>\n\t\t\t\t\t\t\t\t<\/div>\n\t\t\t\t\t<\/div>\n\t\t\t\t<\/div>\n\t\t<div class=\"elementor-element elementor-element-2ec47d3 e-con-full e-flex e-con e-parent\" data-id=\"2ec47d3\" data-element_type=\"container\" data-e-type=\"container\" data-settings=\"{&quot;background_background&quot;:&quot;classic&quot;}\">\n\t\t<div class=\"elementor-element elementor-element-aa3887d e-con-full e-flex e-con e-child\" data-id=\"aa3887d\" data-element_type=\"container\" data-e-type=\"container\" data-settings=\"{&quot;background_background&quot;:&quot;classic&quot;}\">\n\t\t\t\t<div class=\"elementor-element elementor-element-3b50d57 elementor-widget__width-initial elementor-absolute elementor-invisible elementor-widget elementor-widget-heading\" data-id=\"3b50d57\" data-element_type=\"widget\" data-e-type=\"widget\" data-settings=\"{&quot;_animation&quot;:&quot;fadeInDown&quot;,&quot;_position&quot;:&quot;absolute&quot;,&quot;_animation_mobile&quot;:&quot;none&quot;}\" data-widget_type=\"heading.default\">\n\t\t\t\t\t<h2 class=\"elementor-heading-title elementor-size-default\">Estrategia, investigaci\u00f3n y consultor\u00eda<\/h2>\t\t\t\t<\/div>\n\t\t\t\t<\/div>\n\t\t<div class=\"elementor-element elementor-element-cac05ab e-con-full e-flex e-con e-child\" data-id=\"cac05ab\" data-element_type=\"container\" data-e-type=\"container\" data-settings=\"{&quot;background_background&quot;:&quot;classic&quot;}\">\n\t\t\t\t<div class=\"elementor-element elementor-element-28b79db elementor-widget__width-initial elementor-invisible elementor-widget elementor-widget-image\" data-id=\"28b79db\" data-element_type=\"widget\" data-e-type=\"widget\" data-settings=\"{&quot;_animation&quot;:&quot;fadeInRight&quot;,&quot;_animation_mobile&quot;:&quot;none&quot;}\" data-widget_type=\"image.default\">\n\t\t\t\t\t\t\t\t\t\t\t\t\t\t\t<img fetchpriority=\"high\" decoding=\"async\" width=\"768\" height=\"1229\" src=\"https:\/\/www.comunicarigualdad.com.ar\/agenciaceci\/wp-content\/uploads\/2025\/07\/estrategia-768x1229.png\" class=\"attachment-medium_large size-medium_large wp-image-1106\" alt=\"\" srcset=\"https:\/\/www.comunicarigualdad.com.ar\/agenciaceci\/wp-content\/uploads\/2025\/07\/estrategia-768x1229.png 768w, https:\/\/www.comunicarigualdad.com.ar\/agenciaceci\/wp-content\/uploads\/2025\/07\/estrategia-188x300.png 188w, https:\/\/www.comunicarigualdad.com.ar\/agenciaceci\/wp-content\/uploads\/2025\/07\/estrategia-640x1024.png 640w, https:\/\/www.comunicarigualdad.com.ar\/agenciaceci\/wp-content\/uploads\/2025\/07\/estrategia.png 945w\" sizes=\"(max-width: 768px) 100vw, 768px\" \/>\t\t\t\t\t\t\t\t\t\t\t\t\t\t\t<\/div>\n\t\t\t\t<\/div>\n\t\t\t\t<\/div>\n\t\t<div class=\"elementor-element elementor-element-36a619e e-con-full e-flex e-con e-parent\" data-id=\"36a619e\" data-element_type=\"container\" data-e-type=\"container\">\n\t\t<div class=\"elementor-element elementor-element-92d7bea e-con-full e-flex e-con e-child\" data-id=\"92d7bea\" data-element_type=\"container\" data-e-type=\"container\" data-settings=\"{&quot;background_background&quot;:&quot;classic&quot;}\">\n\t\t\t\t<\/div>\n\t\t<div class=\"elementor-element elementor-element-394e60c e-con-full e-flex e-con e-child\" data-id=\"394e60c\" data-element_type=\"container\" data-e-type=\"container\" data-settings=\"{&quot;background_background&quot;:&quot;classic&quot;}\">\n\t\t\t\t<div class=\"elementor-element elementor-element-22e243a elementor-widget__width-initial elementor-widget elementor-widget-heading\" data-id=\"22e243a\" data-element_type=\"widget\" data-e-type=\"widget\" data-widget_type=\"heading.default\">\n\t\t\t\t\t<h2 class=\"elementor-heading-title elementor-size-default\">Comunicamos con estrategia<\/h2>\t\t\t\t<\/div>\n\t\t\t\t<div class=\"elementor-element elementor-element-d877218 elementor-widget__width-initial elementor-invisible elementor-widget elementor-widget-text-editor\" data-id=\"d877218\" data-element_type=\"widget\" data-e-type=\"widget\" data-settings=\"{&quot;_animation&quot;:&quot;fadeInRight&quot;,&quot;_animation_mobile&quot;:&quot;none&quot;}\" data-widget_type=\"text-editor.default\">\n\t\t\t\t\t\t\t\t\t<p>Identificamos tus audiencias clave y dise\u00f1amos un plan a medida. El enfoque de Diversidad, Equidad e Inclusi\u00f3n (DEI) est\u00e1 garantizado de principio a fin de cada proyecto.<\/p>\t\t\t\t\t\t\t\t<\/div>\n\t\t\t\t<div class=\"elementor-element elementor-element-5e9efd8 elementor-hidden-desktop elementor-hidden-tablet elementor-widget elementor-widget-image\" data-id=\"5e9efd8\" data-element_type=\"widget\" data-e-type=\"widget\" data-widget_type=\"image.default\">\n\t\t\t\t\t\t\t\t\t\t\t\t\t\t\t<img decoding=\"async\" width=\"800\" height=\"534\" src=\"https:\/\/www.comunicarigualdad.com.ar\/agenciaceci\/wp-content\/uploads\/2025\/07\/fran-innocenti-0FZ8EFICYCg-unsplash-1024x684.jpg\" class=\"attachment-large size-large wp-image-1145\" alt=\"\" srcset=\"https:\/\/www.comunicarigualdad.com.ar\/agenciaceci\/wp-content\/uploads\/2025\/07\/fran-innocenti-0FZ8EFICYCg-unsplash-1024x684.jpg 1024w, https:\/\/www.comunicarigualdad.com.ar\/agenciaceci\/wp-content\/uploads\/2025\/07\/fran-innocenti-0FZ8EFICYCg-unsplash-300x201.jpg 300w, https:\/\/www.comunicarigualdad.com.ar\/agenciaceci\/wp-content\/uploads\/2025\/07\/fran-innocenti-0FZ8EFICYCg-unsplash-768x513.jpg 768w, https:\/\/www.comunicarigualdad.com.ar\/agenciaceci\/wp-content\/uploads\/2025\/07\/fran-innocenti-0FZ8EFICYCg-unsplash-1536x1027.jpg 1536w, https:\/\/www.comunicarigualdad.com.ar\/agenciaceci\/wp-content\/uploads\/2025\/07\/fran-innocenti-0FZ8EFICYCg-unsplash-2048x1369.jpg 2048w\" sizes=\"(max-width: 800px) 100vw, 800px\" \/>\t\t\t\t\t\t\t\t\t\t\t\t\t\t\t<\/div>\n\t\t\t\t<\/div>\n\t\t\t\t<\/div>\n\t\t<div class=\"elementor-element elementor-element-2f1fc15 e-con-full e-flex e-con e-parent\" data-id=\"2f1fc15\" data-element_type=\"container\" data-e-type=\"container\">\n\t\t<div class=\"elementor-element elementor-element-446ddad e-flex e-con-boxed e-con e-child\" data-id=\"446ddad\" data-element_type=\"container\" data-e-type=\"container\" data-settings=\"{&quot;background_background&quot;:&quot;classic&quot;}\">\n\t\t\t\t\t<div class=\"e-con-inner\">\n\t\t\t\t<div class=\"elementor-element elementor-element-0d501ec elementor-widget__width-initial elementor-widget elementor-widget-heading\" data-id=\"0d501ec\" data-element_type=\"widget\" data-e-type=\"widget\" data-widget_type=\"heading.default\">\n\t\t\t\t\t<h2 class=\"elementor-heading-title elementor-size-default\">CONSULTOR\u00cdAS<\/h2>\t\t\t\t<\/div>\n\t\t\t\t<div class=\"elementor-element elementor-element-3a3d46e elementor-widget__width-initial elementor-invisible elementor-widget elementor-widget-text-editor\" data-id=\"3a3d46e\" data-element_type=\"widget\" data-e-type=\"widget\" data-settings=\"{&quot;_animation&quot;:&quot;fadeInRight&quot;,&quot;_animation_mobile&quot;:&quot;none&quot;}\" data-widget_type=\"text-editor.default\">\n\t\t\t\t\t\t\t\t\t<p>\u00bfNo sab\u00e9s por d\u00f3nde empezar? A no abrumarse: tenemos herramientas de diagn\u00f3stico, planificaci\u00f3n y evaluaci\u00f3n de impacto.<\/p>\t\t\t\t\t\t\t\t<\/div>\n\t\t\t\t<div class=\"elementor-element elementor-element-b3e6e7a elementor-hidden-desktop elementor-hidden-tablet elementor-widget elementor-widget-image\" data-id=\"b3e6e7a\" data-element_type=\"widget\" data-e-type=\"widget\" data-widget_type=\"image.default\">\n\t\t\t\t\t\t\t\t\t\t\t\t\t\t\t<img decoding=\"async\" width=\"800\" height=\"532\" src=\"https:\/\/www.comunicarigualdad.com.ar\/agenciaceci\/wp-content\/uploads\/2025\/08\/pexel.png\" class=\"attachment-large size-large wp-image-2227\" alt=\"\" srcset=\"https:\/\/www.comunicarigualdad.com.ar\/agenciaceci\/wp-content\/uploads\/2025\/08\/pexel.png 800w, https:\/\/www.comunicarigualdad.com.ar\/agenciaceci\/wp-content\/uploads\/2025\/08\/pexel-300x200.png 300w, https:\/\/www.comunicarigualdad.com.ar\/agenciaceci\/wp-content\/uploads\/2025\/08\/pexel-768x511.png 768w\" sizes=\"(max-width: 800px) 100vw, 800px\" \/>\t\t\t\t\t\t\t\t\t\t\t\t\t\t\t<\/div>\n\t\t\t\t\t<\/div>\n\t\t\t\t<\/div>\n\t\t<div class=\"elementor-element elementor-element-9937595 e-con-full elementor-hidden-mobile e-flex e-con e-child\" data-id=\"9937595\" data-element_type=\"container\" data-e-type=\"container\" data-settings=\"{&quot;background_background&quot;:&quot;classic&quot;}\">\n\t\t\t\t<\/div>\n\t\t\t\t<\/div>\n\t\t<div class=\"elementor-element elementor-element-adc9fac e-con-full e-flex e-con e-parent\" data-id=\"adc9fac\" data-element_type=\"container\" data-e-type=\"container\">\n\t\t<div class=\"elementor-element elementor-element-9a2268c e-con-full elementor-hidden-mobile e-flex e-con e-child\" data-id=\"9a2268c\" data-element_type=\"container\" data-e-type=\"container\" data-settings=\"{&quot;background_background&quot;:&quot;classic&quot;}\">\n\t\t\t\t<\/div>\n\t\t<div class=\"elementor-element elementor-element-f9ca84e e-con-full e-flex e-con e-child\" data-id=\"f9ca84e\" data-element_type=\"container\" data-e-type=\"container\" data-settings=\"{&quot;background_background&quot;:&quot;classic&quot;}\">\n\t\t\t\t<div class=\"elementor-element elementor-element-43f3635 elementor-widget__width-auto elementor-widget elementor-widget-heading\" data-id=\"43f3635\" data-element_type=\"widget\" data-e-type=\"widget\" data-widget_type=\"heading.default\">\n\t\t\t\t\t<h2 class=\"elementor-heading-title elementor-size-default\">Mentor\u00eda<\/h2>\t\t\t\t<\/div>\n\t\t\t\t<div class=\"elementor-element elementor-element-0edac36 elementor-widget__width-initial elementor-invisible elementor-widget elementor-widget-text-editor\" data-id=\"0edac36\" data-element_type=\"widget\" data-e-type=\"widget\" data-settings=\"{&quot;_animation&quot;:&quot;fadeInRight&quot;,&quot;_animation_mobile&quot;:&quot;none&quot;}\" data-widget_type=\"text-editor.default\">\n\t\t\t\t\t\t\t\t\t<p>Si prefer\u00eds el acompa\u00f1amiento constante, ah\u00ed tambi\u00e9n estamos. Brindamos mentor\u00edas y seguimientos personalizados.<\/p>\t\t\t\t\t\t\t\t<\/div>\n\t\t\t\t<div class=\"elementor-element elementor-element-e8ce3be elementor-hidden-desktop elementor-hidden-tablet elementor-widget elementor-widget-image\" data-id=\"e8ce3be\" data-element_type=\"widget\" data-e-type=\"widget\" data-widget_type=\"image.default\">\n\t\t\t\t\t\t\t\t\t\t\t\t\t\t\t<img loading=\"lazy\" decoding=\"async\" width=\"780\" height=\"520\" src=\"https:\/\/www.comunicarigualdad.com.ar\/agenciaceci\/wp-content\/uploads\/2025\/08\/pexel-mobile-mentoria.png\" class=\"attachment-large size-large wp-image-2265\" alt=\"\" srcset=\"https:\/\/www.comunicarigualdad.com.ar\/agenciaceci\/wp-content\/uploads\/2025\/08\/pexel-mobile-mentoria.png 780w, https:\/\/www.comunicarigualdad.com.ar\/agenciaceci\/wp-content\/uploads\/2025\/08\/pexel-mobile-mentoria-300x200.png 300w, https:\/\/www.comunicarigualdad.com.ar\/agenciaceci\/wp-content\/uploads\/2025\/08\/pexel-mobile-mentoria-768x512.png 768w\" sizes=\"(max-width: 780px) 100vw, 780px\" \/>\t\t\t\t\t\t\t\t\t\t\t\t\t\t\t<\/div>\n\t\t\t\t<\/div>\n\t\t\t\t<\/div>\n\t\t<div class=\"elementor-element elementor-element-05f0dab e-con-full e-flex e-con e-parent\" data-id=\"05f0dab\" data-element_type=\"container\" data-e-type=\"container\">\n\t\t<div class=\"elementor-element elementor-element-bf763ea e-con-full e-flex e-con e-child\" data-id=\"bf763ea\" data-element_type=\"container\" data-e-type=\"container\" data-settings=\"{&quot;background_background&quot;:&quot;classic&quot;}\">\n\t\t\t\t<div class=\"elementor-element elementor-element-a6df783 elementor-widget__width-initial elementor-widget elementor-widget-heading\" data-id=\"a6df783\" data-element_type=\"widget\" data-e-type=\"widget\" data-widget_type=\"heading.default\">\n\t\t\t\t\t<h2 class=\"elementor-heading-title elementor-size-default\">Investigaci\u00f3n<\/h2>\t\t\t\t<\/div>\n\t\t\t\t<div class=\"elementor-element elementor-element-659e10f elementor-widget__width-initial elementor-invisible elementor-widget elementor-widget-text-editor\" data-id=\"659e10f\" data-element_type=\"widget\" data-e-type=\"widget\" data-settings=\"{&quot;_animation&quot;:&quot;fadeInRight&quot;,&quot;_animation_mobile&quot;:&quot;none&quot;}\" data-widget_type=\"text-editor.default\">\n\t\t\t\t\t\t\t\t\t<p>Para tomar buenas decisiones, hay que entender el entorno. Por eso realizamos monitoreos de medios y plataformas, miner\u00eda de datos, social listening y an\u00e1lisis de audiencias. Cruzamos datos duros con lectura cr\u00edtica para detectar tendencias y anticipar escenarios.<\/p>\t\t\t\t\t\t\t\t<\/div>\n\t\t\t\t<div class=\"elementor-element elementor-element-1e1ece9 elementor-hidden-desktop elementor-hidden-tablet elementor-widget elementor-widget-image\" data-id=\"1e1ece9\" data-element_type=\"widget\" data-e-type=\"widget\" data-widget_type=\"image.default\">\n\t\t\t\t\t\t\t\t\t\t\t\t\t\t\t<img loading=\"lazy\" decoding=\"async\" width=\"800\" height=\"450\" src=\"https:\/\/www.comunicarigualdad.com.ar\/agenciaceci\/wp-content\/uploads\/2025\/07\/headway-0maVKFpezRg-unsplash-1024x576.jpg\" class=\"attachment-large size-large wp-image-2014\" alt=\"\" srcset=\"https:\/\/www.comunicarigualdad.com.ar\/agenciaceci\/wp-content\/uploads\/2025\/07\/headway-0maVKFpezRg-unsplash-1024x576.jpg 1024w, https:\/\/www.comunicarigualdad.com.ar\/agenciaceci\/wp-content\/uploads\/2025\/07\/headway-0maVKFpezRg-unsplash-300x169.jpg 300w, https:\/\/www.comunicarigualdad.com.ar\/agenciaceci\/wp-content\/uploads\/2025\/07\/headway-0maVKFpezRg-unsplash-768x432.jpg 768w, https:\/\/www.comunicarigualdad.com.ar\/agenciaceci\/wp-content\/uploads\/2025\/07\/headway-0maVKFpezRg-unsplash-1536x864.jpg 1536w, https:\/\/www.comunicarigualdad.com.ar\/agenciaceci\/wp-content\/uploads\/2025\/07\/headway-0maVKFpezRg-unsplash-2048x1152.jpg 2048w\" sizes=\"(max-width: 800px) 100vw, 800px\" \/>\t\t\t\t\t\t\t\t\t\t\t\t\t\t\t<\/div>\n\t\t\t\t<\/div>\n\t\t<div class=\"elementor-element elementor-element-baa10ef e-con-full elementor-hidden-mobile e-flex e-con e-child\" data-id=\"baa10ef\" data-element_type=\"container\" data-e-type=\"container\" data-settings=\"{&quot;background_background&quot;:&quot;classic&quot;}\">\n\t\t\t\t<\/div>\n\t\t\t\t<\/div>\n\t\t<div class=\"elementor-element elementor-element-255f083 e-flex e-con-boxed e-con e-parent\" data-id=\"255f083\" data-element_type=\"container\" data-e-type=\"container\" data-settings=\"{&quot;background_background&quot;:&quot;classic&quot;}\">\n\t\t\t\t\t<div class=\"e-con-inner\">\n\t\t<div class=\"elementor-element elementor-element-3c0956c e-con-full elementor-hidden-mobile e-flex e-con e-child\" data-id=\"3c0956c\" data-element_type=\"container\" data-e-type=\"container\">\n\t\t\t\t<\/div>\n\t\t<div class=\"elementor-element elementor-element-d0d739f e-con-full e-flex e-con e-child\" data-id=\"d0d739f\" data-element_type=\"container\" data-e-type=\"container\">\n\t\t\t\t<div class=\"elementor-element elementor-element-2b58460 elementor-widget__width-initial elementor-widget elementor-widget-heading\" data-id=\"2b58460\" data-element_type=\"widget\" data-e-type=\"widget\" data-widget_type=\"heading.default\">\n\t\t\t\t\t<h2 class=\"elementor-heading-title elementor-size-default\">PRENSA<\/h2>\t\t\t\t<\/div>\n\t\t\t\t<div class=\"elementor-element elementor-element-ced2ed5 elementor-widget__width-initial elementor-invisible elementor-widget elementor-widget-text-editor\" data-id=\"ced2ed5\" data-element_type=\"widget\" data-e-type=\"widget\" data-settings=\"{&quot;_animation&quot;:&quot;fadeInRight&quot;,&quot;_animation_mobile&quot;:&quot;none&quot;}\" data-widget_type=\"text-editor.default\">\n\t\t\t\t\t\t\t\t\t<p>Y ahora que me va bien, \u00bfqui\u00e9n se entera? Tranqui, sabemos contar lo que hac\u00e9s para que otras personas lo repliquen. Distribuimos contenidos con mirada estrat\u00e9gica y generamos v\u00ednculos con medios, redes y actores clave.<\/p>\t\t\t\t\t\t\t\t<\/div>\n\t\t\t\t<\/div>\n\t\t\t\t\t<\/div>\n\t\t\t\t<\/div>\n\t\t\t\t<\/div>\n\t\t","protected":false},"excerpt":{"rendered":"<p>CONTACTANOS HOME ESTRATEGIA,INVESTIGACI\u00d3N Y CONSULTOR\u00cdA CREATIVIDAD,DISE\u00d1O Y PRODUCCI\u00d3N TRANSFORMACI\u00d3N INTERNA PROYECTOS EQUIPO CONTACTANOS Estrategia, investigaci\u00f3n y consultor\u00eda Comunicamos con estrategia Identificamos tus audiencias clave y dise\u00f1amos un plan a medida. El enfoque de Diversidad, Equidad e Inclusi\u00f3n (DEI) est\u00e1 garantizado de principio a fin de cada proyecto. CONSULTOR\u00cdAS \u00bfNo sab\u00e9s por d\u00f3nde empezar? A no [&hellip;]<\/p>\n","protected":false},"author":3,"featured_media":0,"parent":0,"menu_order":0,"comment_status":"closed","ping_status":"closed","template":"","meta":{"_acf_changed":false,"footnotes":""},"class_list":["post-860","page","type-page","status-publish","hentry"],"acf":[],"_links":{"self":[{"href":"https:\/\/www.comunicarigualdad.com.ar\/agenciaceci\/wp-json\/wp\/v2\/pages\/860","targetHints":{"allow":["GET"]}}],"collection":[{"href":"https:\/\/www.comunicarigualdad.com.ar\/agenciaceci\/wp-json\/wp\/v2\/pages"}],"about":[{"href":"https:\/\/www.comunicarigualdad.com.ar\/agenciaceci\/wp-json\/wp\/v2\/types\/page"}],"author":[{"embeddable":true,"href":"https:\/\/www.comunicarigualdad.com.ar\/agenciaceci\/wp-json\/wp\/v2\/users\/3"}],"replies":[{"embeddable":true,"href":"https:\/\/www.comunicarigualdad.com.ar\/agenciaceci\/wp-json\/wp\/v2\/comments?post=860"}],"version-history":[{"count":331,"href":"https:\/\/www.comunicarigualdad.com.ar\/agenciaceci\/wp-json\/wp\/v2\/pages\/860\/revisions"}],"predecessor-version":[{"id":2347,"href":"https:\/\/www.comunicarigualdad.com.ar\/agenciaceci\/wp-json\/wp\/v2\/pages\/860\/revisions\/2347"}],"wp:attachment":[{"href":"https:\/\/www.comunicarigualdad.com.ar\/agenciaceci\/wp-json\/wp\/v2\/media?parent=860"}],"curies":[{"name":"wp","href":"https:\/\/api.w.org\/{rel}","templated":true}]}}