{"id":1470,"date":"2025-07-17T14:58:15","date_gmt":"2025-07-17T14:58:15","guid":{"rendered":"https:\/\/www.comunicarigualdad.com.ar\/agenciaceci\/?page_id=1470"},"modified":"2025-08-11T17:22:57","modified_gmt":"2025-08-11T17:22:57","slug":"proyectos","status":"publish","type":"page","link":"https:\/\/www.comunicarigualdad.com.ar\/agenciaceci\/proyectos\/","title":{"rendered":"Proyectos"},"content":{"rendered":"\t\t<div data-elementor-type=\"wp-page\" data-elementor-id=\"1470\" class=\"elementor elementor-1470\">\n\t\t\t\t<div class=\"elementor-element elementor-element-490a2911 e-con-full e-flex e-con e-parent\" data-id=\"490a2911\" data-element_type=\"container\" data-e-type=\"container\" data-settings=\"{&quot;background_background&quot;:&quot;classic&quot;}\">\n\t\t<div class=\"elementor-element elementor-element-11019162 e-grid e-con-full e-con e-child\" data-id=\"11019162\" data-element_type=\"container\" data-e-type=\"container\" data-settings=\"{&quot;background_background&quot;:&quot;classic&quot;}\">\n\t\t\t\t<div class=\"elementor-element elementor-element-275175fe elementor-widget elementor-widget-spacer\" data-id=\"275175fe\" data-element_type=\"widget\" data-e-type=\"widget\" data-widget_type=\"spacer.default\">\n\t\t\t\t\t\t\t<div class=\"elementor-spacer\">\n\t\t\t<div class=\"elementor-spacer-inner\"><\/div>\n\t\t<\/div>\n\t\t\t\t\t\t<\/div>\n\t\t\t\t<div class=\"elementor-element elementor-element-40e2333a elementor-widget elementor-widget-image\" data-id=\"40e2333a\" data-element_type=\"widget\" data-e-type=\"widget\" data-widget_type=\"image.default\">\n\t\t\t\t\t\t\t\t\t\t\t\t\t\t\t\t<a href=\"https:\/\/www.comunicarigualdad.com.ar\/empresas\/home\">\n\t\t\t\t\t\t\t<img decoding=\"async\" src=\"https:\/\/www.comunicarigualdad.com.ar\/agenciaceci\/wp-content\/uploads\/elementor\/thumbs\/logo-blanco-r9jw4jg0wkcru62o35e1an2uh9uayas9og9bu610o0.png\" title=\"logo blanco\" alt=\"logo blanco\" loading=\"lazy\" \/>\t\t\t\t\t\t\t\t<\/a>\n\t\t\t\t\t\t\t\t\t\t\t\t\t\t\t<\/div>\n\t\t\t\t<div class=\"elementor-element elementor-element-7486c03b elementor-align-center elementor-hidden-mobile elementor-widget elementor-widget-button\" data-id=\"7486c03b\" data-element_type=\"widget\" data-e-type=\"widget\" data-widget_type=\"button.default\">\n\t\t\t\t\t\t\t\t\t\t<a class=\"elementor-button elementor-button-link elementor-size-sm\" href=\"https:\/\/www.comunicarigualdad.com.ar\/agenciaceci\/home#cta\">\n\t\t\t\t\t\t<span class=\"elementor-button-content-wrapper\">\n\t\t\t\t\t\t\t\t\t<span class=\"elementor-button-text\">CONTACTANOS<\/span>\n\t\t\t\t\t<\/span>\n\t\t\t\t\t<\/a>\n\t\t\t\t\t\t\t\t<\/div>\n\t\t\t\t<\/div>\n\t\t\t\t<\/div>\n\t\t<div class=\"elementor-element elementor-element-6a9c82f2 e-flex e-con-boxed e-con e-parent\" data-id=\"6a9c82f2\" data-element_type=\"container\" data-e-type=\"container\" data-settings=\"{&quot;background_background&quot;:&quot;classic&quot;}\">\n\t\t\t\t\t<div class=\"e-con-inner\">\n\t\t\t\t<div class=\"elementor-element elementor-element-38bdd289 elementor-widget elementor-widget-heading\" data-id=\"38bdd289\" data-element_type=\"widget\" data-e-type=\"widget\" data-widget_type=\"heading.default\">\n\t\t\t\t\t<h2 class=\"elementor-heading-title elementor-size-default\"><a href=\"https:\/\/www.comunicarigualdad.com.ar\/agenciaceci\/home\">HOME<\/a><\/h2>\t\t\t\t<\/div>\n\t\t\t\t<div class=\"elementor-element elementor-element-2dd6cd3d elementor-widget elementor-widget-heading\" data-id=\"2dd6cd3d\" data-element_type=\"widget\" data-e-type=\"widget\" data-widget_type=\"heading.default\">\n\t\t\t\t\t<h2 class=\"elementor-heading-title elementor-size-default\"><a href=\"https:\/\/www.comunicarigualdad.com.ar\/agenciaceci\/estrategia\/\">ESTRATEGIA,INVESTIGACI\u00d3N Y CONSULTOR\u00cdA<\/a><\/h2>\t\t\t\t<\/div>\n\t\t\t\t<div class=\"elementor-element elementor-element-6ad5ca5e elementor-widget elementor-widget-heading\" data-id=\"6ad5ca5e\" data-element_type=\"widget\" data-e-type=\"widget\" data-widget_type=\"heading.default\">\n\t\t\t\t\t<h2 class=\"elementor-heading-title elementor-size-default\"><a href=\"https:\/\/www.comunicarigualdad.com.ar\/agenciaceci\/creatividad\/\">CREATIVIDAD,DISE\u00d1O Y PRODUCCI\u00d3N<\/a><\/h2>\t\t\t\t<\/div>\n\t\t\t\t<div class=\"elementor-element elementor-element-27589422 elementor-widget elementor-widget-heading\" data-id=\"27589422\" data-element_type=\"widget\" data-e-type=\"widget\" data-widget_type=\"heading.default\">\n\t\t\t\t\t<h2 class=\"elementor-heading-title elementor-size-default\"><a href=\"https:\/\/www.comunicarigualdad.com.ar\/agenciaceci\/transformacion\/\">TRANSFORMACI\u00d3N INTERNA<\/a><\/h2>\t\t\t\t<\/div>\n\t\t\t\t<div class=\"elementor-element elementor-element-6e761b8d elementor-widget elementor-widget-heading\" data-id=\"6e761b8d\" data-element_type=\"widget\" data-e-type=\"widget\" data-widget_type=\"heading.default\">\n\t\t\t\t\t<h2 class=\"elementor-heading-title elementor-size-default\">PROYECTOS<\/h2>\t\t\t\t<\/div>\n\t\t\t\t<div class=\"elementor-element elementor-element-5b83931 elementor-widget elementor-widget-heading\" data-id=\"5b83931\" data-element_type=\"widget\" data-e-type=\"widget\" data-widget_type=\"heading.default\">\n\t\t\t\t\t<h2 class=\"elementor-heading-title elementor-size-default\"><a href=\"https:\/\/www.comunicarigualdad.com.ar\/agenciaceci\/equipo\/\">EQUIPO<\/a><\/h2>\t\t\t\t<\/div>\n\t\t\t\t<div class=\"elementor-element elementor-element-7a70817 elementor-align-center elementor-hidden-desktop elementor-hidden-tablet elementor-widget elementor-widget-button\" data-id=\"7a70817\" data-element_type=\"widget\" data-e-type=\"widget\" data-widget_type=\"button.default\">\n\t\t\t\t\t\t\t\t\t\t<a class=\"elementor-button elementor-button-link elementor-size-sm\" href=\"https:\/\/www.comunicarigualdad.com.ar\/agenciaceci\/home#cta\">\n\t\t\t\t\t\t<span class=\"elementor-button-content-wrapper\">\n\t\t\t\t\t\t\t\t\t<span class=\"elementor-button-text\">CONTACTANOS<\/span>\n\t\t\t\t\t<\/span>\n\t\t\t\t\t<\/a>\n\t\t\t\t\t\t\t\t<\/div>\n\t\t\t\t\t<\/div>\n\t\t\t\t<\/div>\n\t\t<div class=\"elementor-element elementor-element-ab4e413 e-flex e-con-boxed e-con e-parent\" data-id=\"ab4e413\" data-element_type=\"container\" data-e-type=\"container\" data-settings=\"{&quot;background_background&quot;:&quot;classic&quot;}\">\n\t\t\t\t\t<div class=\"e-con-inner\">\n\t\t\t\t<div class=\"elementor-element elementor-element-3fc5a55 elementor-invisible elementor-widget elementor-widget-heading\" data-id=\"3fc5a55\" data-element_type=\"widget\" data-e-type=\"widget\" data-settings=\"{&quot;_animation&quot;:&quot;fadeInDown&quot;}\" data-widget_type=\"heading.default\">\n\t\t\t\t\t<h2 class=\"elementor-heading-title elementor-size-default\"><a href=\"https:\/\/comunicarigualdad.com.ar\/medios-sin-violencias\/\" target=\"_blank\">medios sin violencias<\/a><\/h2>\t\t\t\t<\/div>\n\t\t\t\t<div class=\"elementor-element elementor-element-1496f41 elementor-widget elementor-widget-text-editor\" data-id=\"1496f41\" data-element_type=\"widget\" data-e-type=\"widget\" data-widget_type=\"text-editor.default\">\n\t\t\t\t\t\t\t\t\t<p class=\"elementor-heading-title elementor-size-default\">Violencia de g\u00e9nero al interior de los medios de Am\u00e9rica Latina y el Caribe.\u00a0<\/p>\t\t\t\t\t\t\t\t<\/div>\n\t\t\t\t\t<\/div>\n\t\t\t\t<\/div>\n\t\t<div class=\"elementor-element elementor-element-ae7b308 e-flex e-con-boxed e-con e-parent\" data-id=\"ae7b308\" data-element_type=\"container\" data-e-type=\"container\" data-settings=\"{&quot;background_background&quot;:&quot;classic&quot;}\">\n\t\t\t\t\t<div class=\"e-con-inner\">\n\t\t\t\t<div class=\"elementor-element elementor-element-8aa671f elementor-invisible elementor-widget elementor-widget-heading\" data-id=\"8aa671f\" data-element_type=\"widget\" data-e-type=\"widget\" data-settings=\"{&quot;_animation&quot;:&quot;fadeInDown&quot;}\" data-widget_type=\"heading.default\">\n\t\t\t\t\t<h2 class=\"elementor-heading-title elementor-size-default\"><a href=\"https:\/\/comunicarigualdad.com.ar\/campana-libertad-de-expresion\/\" target=\"_blank\">cultivar el debate<\/a><\/h2>\t\t\t\t<\/div>\n\t\t\t\t<div class=\"elementor-element elementor-element-a075d50 elementor-widget elementor-widget-text-editor\" data-id=\"a075d50\" data-element_type=\"widget\" data-e-type=\"widget\" data-widget_type=\"text-editor.default\">\n\t\t\t\t\t\t\t\t\t<p>Libertad de expresi\u00f3n y el cuidado del debate p\u00fablico.<\/p>\t\t\t\t\t\t\t\t<\/div>\n\t\t\t\t\t<\/div>\n\t\t\t\t<\/div>\n\t\t\t\t<\/div>\n\t\t","protected":false},"excerpt":{"rendered":"<p>CONTACTANOS HOME ESTRATEGIA,INVESTIGACI\u00d3N Y CONSULTOR\u00cdA CREATIVIDAD,DISE\u00d1O Y PRODUCCI\u00d3N TRANSFORMACI\u00d3N INTERNA PROYECTOS EQUIPO CONTACTANOS medios sin violencias Violencia de g\u00e9nero al interior de los medios de Am\u00e9rica Latina y el Caribe.\u00a0 cultivar el debate Libertad de expresi\u00f3n y el cuidado del debate p\u00fablico.<\/p>\n","protected":false},"author":3,"featured_media":0,"parent":0,"menu_order":0,"comment_status":"closed","ping_status":"closed","template":"","meta":{"_acf_changed":false,"footnotes":""},"class_list":["post-1470","page","type-page","status-publish","hentry"],"acf":[],"_links":{"self":[{"href":"https:\/\/www.comunicarigualdad.com.ar\/agenciaceci\/wp-json\/wp\/v2\/pages\/1470","targetHints":{"allow":["GET"]}}],"collection":[{"href":"https:\/\/www.comunicarigualdad.com.ar\/agenciaceci\/wp-json\/wp\/v2\/pages"}],"about":[{"href":"https:\/\/www.comunicarigualdad.com.ar\/agenciaceci\/wp-json\/wp\/v2\/types\/page"}],"author":[{"embeddable":true,"href":"https:\/\/www.comunicarigualdad.com.ar\/agenciaceci\/wp-json\/wp\/v2\/users\/3"}],"replies":[{"embeddable":true,"href":"https:\/\/www.comunicarigualdad.com.ar\/agenciaceci\/wp-json\/wp\/v2\/comments?post=1470"}],"version-history":[{"count":61,"href":"https:\/\/www.comunicarigualdad.com.ar\/agenciaceci\/wp-json\/wp\/v2\/pages\/1470\/revisions"}],"predecessor-version":[{"id":2290,"href":"https:\/\/www.comunicarigualdad.com.ar\/agenciaceci\/wp-json\/wp\/v2\/pages\/1470\/revisions\/2290"}],"wp:attachment":[{"href":"https:\/\/www.comunicarigualdad.com.ar\/agenciaceci\/wp-json\/wp\/v2\/media?parent=1470"}],"curies":[{"name":"wp","href":"https:\/\/api.w.org\/{rel}","templated":true}]}}